{"id":187,"date":"2023-05-12T09:19:16","date_gmt":"2023-05-12T09:19:16","guid":{"rendered":"https:\/\/sudskitumaccg.com\/?page_id=187"},"modified":"2023-09-11T10:39:09","modified_gmt":"2023-09-11T10:39:09","slug":"cijene-ovjerenog-prevoda","status":"publish","type":"page","link":"https:\/\/sudskitumaccg.com\/?page_id=187","title":{"rendered":"Cijene ovjerenog prevoda"},"content":{"rendered":"<p>[et_pb_section fb_built=&#8221;1&#8243; admin_label=&#8221;Service Section&#8221; _builder_version=&#8221;4.21.0&#8243; _module_preset=&#8221;default&#8221; background_color=&#8221;#f7f7f7&#8243; custom_margin=&#8221;|||&#8221; custom_padding=&#8221;61px||8px|||&#8221; global_colors_info=&#8221;{}&#8221;][et_pb_row _builder_version=&#8221;4.18.0&#8243; _module_preset=&#8221;default&#8221; global_colors_info=&#8221;{}&#8221;][et_pb_column type=&#8221;4_4&#8243; _builder_version=&#8221;4.18.0&#8243; _module_preset=&#8221;default&#8221; global_colors_info=&#8221;{}&#8221;][et_pb_text _builder_version=&#8221;4.18.0&#8243; _module_preset=&#8221;default&#8221; header_font=&#8221;|700|||||||&#8221; header_font_size=&#8221;62px&#8221; global_colors_info=&#8221;{}&#8221;]<\/p>\n<h1>Cijene ovjerenog prevoda<\/h1>\n<p>[\/et_pb_text][\/et_pb_column][\/et_pb_row][\/et_pb_section][et_pb_section fb_built=&#8221;1&#8243; admin_label=&#8221;Service Section&#8221; _builder_version=&#8221;4.21.0&#8243; _module_preset=&#8221;default&#8221; background_color=&#8221;#ffffff&#8221; custom_margin=&#8221;|||&#8221; custom_padding=&#8221;33px||110px|||&#8221; global_colors_info=&#8221;{}&#8221;][et_pb_row make_equal=&#8221;on&#8221; admin_label=&#8221;Services&#8221; _builder_version=&#8221;4.21.0&#8243; _module_preset=&#8221;default&#8221; background_size=&#8221;initial&#8221; background_position=&#8221;top_left&#8221; background_repeat=&#8221;repeat&#8221; custom_padding=&#8221;25px||25px|&#8221; global_colors_info=&#8221;{}&#8221;][et_pb_column type=&#8221;4_4&#8243; _builder_version=&#8221;4.16&#8243; _module_preset=&#8221;default&#8221; custom_padding=&#8221;|||&#8221; global_colors_info=&#8221;{}&#8221; custom_padding__hover=&#8221;|||&#8221;][et_pb_text _builder_version=&#8221;4.21.0&#8243; _module_preset=&#8221;default&#8221; text_font_size=&#8221;15px&#8221; global_colors_info=&#8221;{}&#8221;]<\/p>\n<p>Cijena prevoda ovisi o tome dajete li na prijevod standardizovane isprave kao \u0161to su npr diplome, svedo\u010danstva, potvrde i sli\u010dno ili tekst proizvoljnog sadr\u017eaja.<\/p>\n<p>Cijena prevodila\u010dke strane je propisana Zakonom o tuma\u010dima.<\/p>\n<p>Jedna prevodila\u010dka strana sadr\u017ei 1800 karaktera sa razmakom.<\/p>\n<p>Za konkretnu cijenu prevoda, mo\u017eete\u00a0 nas kontaktirati. Dobi\u0107ete odgovor u najkra\u0107em roku.<\/p>\n<p><strong>Pozovite: <span>+382 67 811 765<\/span><\/strong><\/p>\n<p>[\/et_pb_text][et_pb_image src=&#8221;https:\/\/sudskitumaccg.com\/wp-content\/uploads\/2023\/05\/sudski-tumac.jpg&#8221; title_text=&#8221;sudski-tumac&#8221; _builder_version=&#8221;4.21.0&#8243; _module_preset=&#8221;default&#8221; global_colors_info=&#8221;{}&#8221;][\/et_pb_image][\/et_pb_column][\/et_pb_row][\/et_pb_section]<\/p>\n","protected":false},"excerpt":{"rendered":"<p>Cijene ovjerenog prevodaCijena prevoda ovisi o tome dajete li na prijevod standardizovane isprave kao \u0161to su npr diplome, svedo\u010danstva, potvrde i sli\u010dno ili tekst proizvoljnog sadr\u017eaja. Cijena prevodila\u010dke strane je propisana Zakonom o tuma\u010dima. Jedna prevodila\u010dka strana sadr\u017ei 1800 karaktera sa razmakom. Za konkretnu cijenu prevoda, mo\u017eete\u00a0 nas kontaktirati. Dobi\u0107ete odgovor u najkra\u0107em roku. Pozovite: [&hellip;]<\/p>\n","protected":false},"author":1,"featured_media":0,"parent":0,"menu_order":0,"comment_status":"closed","ping_status":"closed","template":"","meta":{"_et_pb_use_builder":"on","_et_pb_old_content":"","_et_gb_content_width":"","footnotes":""},"class_list":["post-187","page","type-page","status-publish","hentry"],"_links":{"self":[{"href":"https:\/\/sudskitumaccg.com\/index.php?rest_route=\/wp\/v2\/pages\/187","targetHints":{"allow":["GET"]}}],"collection":[{"href":"https:\/\/sudskitumaccg.com\/index.php?rest_route=\/wp\/v2\/pages"}],"about":[{"href":"https:\/\/sudskitumaccg.com\/index.php?rest_route=\/wp\/v2\/types\/page"}],"author":[{"embeddable":true,"href":"https:\/\/sudskitumaccg.com\/index.php?rest_route=\/wp\/v2\/users\/1"}],"replies":[{"embeddable":true,"href":"https:\/\/sudskitumaccg.com\/index.php?rest_route=%2Fwp%2Fv2%2Fcomments&post=187"}],"version-history":[{"count":3,"href":"https:\/\/sudskitumaccg.com\/index.php?rest_route=\/wp\/v2\/pages\/187\/revisions"}],"predecessor-version":[{"id":212,"href":"https:\/\/sudskitumaccg.com\/index.php?rest_route=\/wp\/v2\/pages\/187\/revisions\/212"}],"wp:attachment":[{"href":"https:\/\/sudskitumaccg.com\/index.php?rest_route=%2Fwp%2Fv2%2Fmedia&parent=187"}],"curies":[{"name":"wp","href":"https:\/\/api.w.org\/{rel}","templated":true}]}}