{"id":175,"date":"2023-05-12T09:04:01","date_gmt":"2023-05-12T09:04:01","guid":{"rendered":"https:\/\/sudskitumaccg.com\/?page_id=175"},"modified":"2024-02-20T17:50:31","modified_gmt":"2024-02-20T17:50:31","slug":"sudski-tumac-za-italijanski-jezik","status":"publish","type":"page","link":"https:\/\/sudskitumaccg.com\/?page_id=175","title":{"rendered":"Sudski tuma\u010d za italijanski jezik &#8211; 067 811 765 Milica Rajkovi\u0107"},"content":{"rendered":"<p>[et_pb_section fb_built=&#8221;1&#8243; admin_label=&#8221;Service Section&#8221; _builder_version=&#8221;4.21.0&#8243; _module_preset=&#8221;default&#8221; background_color=&#8221;#f7f7f7&#8243; custom_margin=&#8221;|||&#8221; custom_padding=&#8221;61px||8px|||&#8221; global_colors_info=&#8221;{}&#8221;][et_pb_row _builder_version=&#8221;4.18.0&#8243; _module_preset=&#8221;default&#8221; global_colors_info=&#8221;{}&#8221;][et_pb_column type=&#8221;4_4&#8243; _builder_version=&#8221;4.18.0&#8243; _module_preset=&#8221;default&#8221; global_colors_info=&#8221;{}&#8221;][et_pb_text _builder_version=&#8221;4.18.0&#8243; _module_preset=&#8221;default&#8221; header_font=&#8221;|700|||||||&#8221; header_font_size=&#8221;62px&#8221; global_colors_info=&#8221;{}&#8221;]<\/p>\n<h1>Sudski tuma\u010d za italijanski jezik<\/h1>\n<p>[\/et_pb_text][\/et_pb_column][\/et_pb_row][\/et_pb_section][et_pb_section fb_built=&#8221;1&#8243; admin_label=&#8221;Service Section&#8221; _builder_version=&#8221;4.21.0&#8243; _module_preset=&#8221;default&#8221; background_color=&#8221;#ffffff&#8221; custom_margin=&#8221;|||&#8221; custom_padding=&#8221;33px||110px|||&#8221; global_colors_info=&#8221;{}&#8221;][et_pb_row make_equal=&#8221;on&#8221; admin_label=&#8221;Services&#8221; _builder_version=&#8221;4.21.0&#8243; _module_preset=&#8221;default&#8221; background_size=&#8221;initial&#8221; background_position=&#8221;top_left&#8221; background_repeat=&#8221;repeat&#8221; custom_padding=&#8221;25px||25px|&#8221; global_colors_info=&#8221;{}&#8221;][et_pb_column type=&#8221;4_4&#8243; _builder_version=&#8221;4.16&#8243; _module_preset=&#8221;default&#8221; custom_padding=&#8221;|||&#8221; global_colors_info=&#8221;{}&#8221; custom_padding__hover=&#8221;|||&#8221;][et_pb_text _builder_version=&#8221;4.21.0&#8243; _module_preset=&#8221;default&#8221; text_font_size=&#8221;15px&#8221; hover_enabled=&#8221;0&#8243; global_colors_info=&#8221;{}&#8221; sticky_enabled=&#8221;0&#8243;]<\/p>\n<p>Sudski tuma\u010d za italijanski jezik &#8211; tel. <strong>067 811 765<\/strong>. Sudski tuma\u010d je stru\u010dna osoba koja ima ovla\u0161\u0107enje da ovjerava prevode, potvr\u0111uje autenti\u010dnost dokumenata na italijanskom jeziku i \u010dini ih zvani\u010dnim i priznatim u pravnom sistemu. Sudski tuma\u010d za italijanski jezik ima zna\u010dajnu ulogu u pravnim postupcima, jer je potrebno da sud i druge pravne institucije imaju pristup preciznim i ta\u010dnim prevodima dokumenata na italijanskom jeziku.<\/p>\n<h2><em>\u017delite da va\u0161a dokumentacija bude prevedena brzo i precizno? <\/em><\/h2>\n<h2><em>Pozovite:<strong> +382 67 811 765<\/strong><\/em><\/h2>\n<p>&nbsp;<\/p>\n<p>Prepustite posao profesionalcima koji su preveli\u00a0 zna\u010dajan broj strana sa italijanskog i na italijanski jezik.<\/p>\n<p>&nbsp;<\/p>\n<p><strong>Dokumenta koja prevodimo i ovjeravamo:<\/strong><\/p>\n<p>Paso\u0161, li\u010dna karta, uvjerenje o dr\u017eavljanstvu, , izvod iz mati\u010dnih knjiga (ro\u0111enih, ven\u010danih i umrlih), radna dozvola, dozvola za boravak, potvrda o prebivali\u0161tu, saobra\u0107ajna i voza\u010dka dozvola za rad.<\/p>\n<p>Pored njih, prevodimo i ovjeravamo i statute i osniva\u010dke akte preduze\u0107a, bilanse stanja i uspjeha, rje\u0161enja o osnivanju pravnih lica, godi\u0161nje i revizorske izvj\u0161taje, poslovne ugovore, sertifikate, punomo\u0107ja, licence, sudske presude i rre\u0161enja &#8230; itd.<\/p>\n<p>Sudski \u00a0tuma\u010d za italijanski jezik treba ispuniti stroge kriterijume i pro\u0107i odre\u0111ene obuke i ispite.<\/p>\n<p>Sudski tuma\u010d mora biti odli\u010dan poznavalac italijanskog jezika. Mora takodje posjedovati \u00a0znanje o pravnom sistemu, naro\u010dito u zemljama gdje se italijanski\u00a0 jezik koristi kao zvani\u010dni jezik.<\/p>\n<p>[\/et_pb_text][et_pb_image src=&#8221;https:\/\/sudskitumaccg.com\/wp-content\/uploads\/2023\/05\/sudskitumac-italijanski-jezik-crna-gora.jpg&#8221; title_text=&#8221;sudskitumac-italijanski jezik crna gora&#8221; align=&#8221;center&#8221; _builder_version=&#8221;4.21.0&#8243; _module_preset=&#8221;default&#8221; global_colors_info=&#8221;{}&#8221;][\/et_pb_image][et_pb_text _builder_version=&#8221;4.21.0&#8243; _module_preset=&#8221;default&#8221; text_font_size=&#8221;15px&#8221; global_colors_info=&#8221;{}&#8221;]<\/p>\n<p>Na\u0161i prevodi su precizni i ta\u010dni, i mi smo odgovorni\u00a0 da su prevodi vjerni origlinalu. Takodje pru\u017eamo prevodila\u010dke usluge kao \u0161to su interpretacija i konsekutivno prevo\u0111enje.<\/p>\n<p>U na\u0161em prevodila\u010dkom radu te\u017eimo perfekciji i konstantno se trudimi da usavr\u0161imo svoje znanje. Kvalitet prevoda je veoma va\u017ean a takodje i brzina.<\/p>\n<p>&nbsp;<\/p>\n<p>Usluga sudskog tuma\u010da za italijanski jezik je dostupna na teritoriji cijele Crne Gore i to u primorskim gradovima Kotor, Tivat, Budva, Herceg Novi, Bar u sredi\u0161njem dijelu: Podgorica, Nik\u0161i\u0107, Danilovgrad, Cetinje i na sjeveru: Kola\u0161in, Pljevlja, \u017dablja, Bijelo polje i Berane.<\/p>\n<p>Mnogi pojedinci i uspje\u0161ne kompanije su nas izabrale nas za usluge prevodjenja i sudskog tuma\u010da za italijanski jezik.<\/p>\n<p>&nbsp;<\/p>\n<p>Garantujemo za sigurnost va\u0161ih podataka.<\/p>\n<p><strong>Kontaktirajte nas\u00a0 i uvjerite se u na\u0161u poslovnost.<\/strong><\/p>\n<p><strong>Pozovite: <span>+382 67 811 765<\/span><\/strong><\/p>\n<p>[\/et_pb_text][\/et_pb_column][\/et_pb_row][\/et_pb_section]<\/p>\n","protected":false},"excerpt":{"rendered":"<p>Sudski tuma\u010d za italijanski jezikSudski tuma\u010d za italijanski jezik &#8211; tel. 067 811 765. Sudski tuma\u010d je stru\u010dna osoba koja ima ovla\u0161\u0107enje da ovjerava prevode, potvr\u0111uje autenti\u010dnost dokumenata na italijanskom jeziku i \u010dini ih zvani\u010dnim i priznatim u pravnom sistemu. Sudski tuma\u010d za italijanski jezik ima zna\u010dajnu ulogu u pravnim postupcima, jer je potrebno da [&hellip;]<\/p>\n","protected":false},"author":1,"featured_media":0,"parent":0,"menu_order":0,"comment_status":"closed","ping_status":"closed","template":"","meta":{"_et_pb_use_builder":"on","_et_pb_old_content":"","_et_gb_content_width":"","footnotes":""},"class_list":["post-175","page","type-page","status-publish","hentry"],"_links":{"self":[{"href":"https:\/\/sudskitumaccg.com\/index.php?rest_route=\/wp\/v2\/pages\/175","targetHints":{"allow":["GET"]}}],"collection":[{"href":"https:\/\/sudskitumaccg.com\/index.php?rest_route=\/wp\/v2\/pages"}],"about":[{"href":"https:\/\/sudskitumaccg.com\/index.php?rest_route=\/wp\/v2\/types\/page"}],"author":[{"embeddable":true,"href":"https:\/\/sudskitumaccg.com\/index.php?rest_route=\/wp\/v2\/users\/1"}],"replies":[{"embeddable":true,"href":"https:\/\/sudskitumaccg.com\/index.php?rest_route=%2Fwp%2Fv2%2Fcomments&post=175"}],"version-history":[{"count":10,"href":"https:\/\/sudskitumaccg.com\/index.php?rest_route=\/wp\/v2\/pages\/175\/revisions"}],"predecessor-version":[{"id":249,"href":"https:\/\/sudskitumaccg.com\/index.php?rest_route=\/wp\/v2\/pages\/175\/revisions\/249"}],"wp:attachment":[{"href":"https:\/\/sudskitumaccg.com\/index.php?rest_route=%2Fwp%2Fv2%2Fmedia&parent=175"}],"curies":[{"name":"wp","href":"https:\/\/api.w.org\/{rel}","templated":true}]}}